{"id":4160,"date":"2024-06-27T14:03:34","date_gmt":"2024-06-27T12:03:34","guid":{"rendered":"https:\/\/france.diplomatie.gov.bf\/?page_id=4160"},"modified":"2024-10-23T23:33:19","modified_gmt":"2024-10-23T21:33:19","slug":"le-chef-de-poste","status":"publish","type":"page","link":"https:\/\/france.diplomatie.gov.bf\/index.php\/le-chef-de-poste\/","title":{"rendered":"Le chef de poste"},"content":{"rendered":"\t\t<div data-elementor-type=\"wp-page\" data-elementor-id=\"4160\" class=\"elementor elementor-4160\" data-elementor-post-type=\"page\">\n\t\t\t\t<div data-particle_enable=\"false\" data-particle-mobile-disabled=\"false\" class=\"elementor-element elementor-element-600a2f76 e-flex e-con-boxed e-con e-parent\" data-id=\"600a2f76\" data-element_type=\"container\" data-e-type=\"container\" data-settings=\"{&quot;background_background&quot;:&quot;classic&quot;}\">\n\t\t\t\t\t<div class=\"e-con-inner\">\n\t\t<div data-particle_enable=\"false\" data-particle-mobile-disabled=\"false\" class=\"elementor-element elementor-element-509f8392 e-con-full e-flex e-con e-child\" data-id=\"509f8392\" data-element_type=\"container\" data-e-type=\"container\" data-settings=\"{&quot;background_background&quot;:&quot;classic&quot;}\">\n\t\t\t\t<div class=\"elementor-element elementor-element-1a36e1cd elementor-widget elementor-widget-theme-post-featured-image elementor-widget-image\" data-id=\"1a36e1cd\" data-element_type=\"widget\" data-e-type=\"widget\" data-widget_type=\"theme-post-featured-image.default\">\n\t\t\t\t<div class=\"elementor-widget-container\">\n\t\t\t\t\t\t\t\t\t\t\t\t\t\t\t<img fetchpriority=\"high\" decoding=\"async\" width=\"224\" height=\"300\" src=\"https:\/\/france.diplomatie.gov.bf\/wp-content\/uploads\/sites\/34\/2024\/10\/chef_de_poste-removebg-preview-224x300.png\" class=\"attachment-medium size-medium wp-image-5183\" alt=\"\" srcset=\"https:\/\/france.diplomatie.gov.bf\/wp-content\/uploads\/sites\/34\/2024\/10\/chef_de_poste-removebg-preview-224x300.png 224w, https:\/\/france.diplomatie.gov.bf\/wp-content\/uploads\/sites\/34\/2024\/10\/chef_de_poste-removebg-preview.png 432w\" sizes=\"(max-width: 224px) 100vw, 224px\" \/>\t\t\t\t\t\t\t\t\t\t\t\t\t\t\t<\/div>\n\t\t\t\t<\/div>\n\t\t\t\t<div class=\"elementor-element elementor-element-9de00e elementor-widget elementor-widget-heading\" data-id=\"9de00e\" data-element_type=\"widget\" data-e-type=\"widget\" data-widget_type=\"heading.default\">\n\t\t\t\t<div class=\"elementor-widget-container\">\n\t\t\t\t\t<h2 class=\"elementor-heading-title elementor-size-default\">SEM Jean Marie BAKOUAN<\/h2>\t\t\t\t<\/div>\n\t\t\t\t<\/div>\n\t\t\t\t<div class=\"elementor-element elementor-element-572d8159 elementor-widget elementor-widget-heading\" data-id=\"572d8159\" data-element_type=\"widget\" data-e-type=\"widget\" data-widget_type=\"heading.default\">\n\t\t\t\t<div class=\"elementor-widget-container\">\n\t\t\t\t\t<h2 class=\"elementor-heading-title elementor-size-default\">Charg\u00e9 d\u2019Affaires a.i \n<\/h2>\t\t\t\t<\/div>\n\t\t\t\t<\/div>\n\t\t\t\t<\/div>\n\t\t\t\t<div class=\"elementor-element elementor-element-382ef389 eael-divider-center elementor-widget elementor-widget-eael-divider\" data-id=\"382ef389\" data-element_type=\"widget\" data-e-type=\"widget\" data-widget_type=\"eael-divider.default\">\n\t\t\t\t<div class=\"elementor-widget-container\">\n\t\t\t\t\t\t\t<div class=\"eael-divider-wrap divider-direction-vertical\">\n\t\t\t\t\t\t\t<div class=\"divider-text-container\">\n\t\t\t\t\t<div class=\"divider-text-wrap\">\n\t\t\t\t\t\t\t\t\t\t\t\t\t<span class=\"divider-border-wrap divider-border-left\">\n\t\t\t\t\t\t\t\t<span class=\"divider-border\"><\/span>\n\t\t\t\t\t\t\t<\/span>\n\t\t\t\t\t\t\t\t\t\t\t\t<span class=\"eael-divider-content\">\n\t\t\t\t\t\t\t\t\t\t\t\t\t\t\t<span class=\"eael-divider-icon\">\n\t\t\t\t\t\t\t\t\t\t\t\t\t\t\t\t\t\t\t<svg aria-hidden=\"false\" class=\"e-font-icon-svg e-fas-star\" viewBox=\"0 0 576 512\" xmlns=\"http:\/\/www.w3.org\/2000\/svg\"><path d=\"M259.3 17.8L194 150.2 47.9 171.5c-26.2 3.8-36.7 36.1-17.7 54.6l105.7 103-25 145.5c-4.5 26.3 23.2 46 46.4 33.7L288 439.6l130.7 68.7c23.2 12.2 50.9-7.4 46.4-33.7l-25-145.5 105.7-103c19-18.5 8.5-50.8-17.7-54.6L382 150.2 316.7 17.8c-11.7-23.6-45.6-23.9-57.4 0z\"><\/path><\/svg>\t\t\t\t\t\t\t\t\t\t\t\t\t\t\t\t\t<\/span>\n\t\t\t\t\t\t\t\t\t\t\t\t\t<\/span>\n\t\t\t\t\t\t\t\t\t\t\t\t\t<span class=\"divider-border-wrap divider-border-right\">\n\t\t\t\t\t\t\t\t<span class=\"divider-border\"><\/span>\n\t\t\t\t\t\t\t<\/span>\n\t\t\t\t\t\t\t\t\t\t\t<\/div>\n\t\t\t\t<\/div>\n\t\t\t\t\t<\/div>\n\t\t\t\t<\/div>\n\t\t\t\t<\/div>\n\t\t<div data-particle_enable=\"false\" data-particle-mobile-disabled=\"false\" class=\"elementor-element elementor-element-7538f7c6 e-con-full e-flex e-con e-child\" data-id=\"7538f7c6\" data-element_type=\"container\" data-e-type=\"container\">\n\t\t\t\t<div class=\"elementor-element elementor-element-145dcde6 elementor-widget elementor-widget-heading\" data-id=\"145dcde6\" data-element_type=\"widget\" data-e-type=\"widget\" data-widget_type=\"heading.default\">\n\t\t\t\t<div class=\"elementor-widget-container\">\n\t\t\t\t\t<h2 class=\"elementor-heading-title elementor-size-default\">Parcours du Charg\u00e9 d\u2019Affaires a.i <\/h2>\t\t\t\t<\/div>\n\t\t\t\t<\/div>\n\t\t\t\t<div class=\"elementor-element elementor-element-3862cac1 elementor-widget elementor-widget-eael-adv-accordion\" data-id=\"3862cac1\" data-element_type=\"widget\" data-e-type=\"widget\" data-widget_type=\"eael-adv-accordion.default\">\n\t\t\t\t<div class=\"elementor-widget-container\">\n\t\t\t\t\t            <div class=\"eael-adv-accordion\" id=\"eael-adv-accordion-3862cac1\" data-scroll-on-click=\"no\" data-scroll-speed=\"300\" data-accordion-id=\"3862cac1\" data-accordion-type=\"accordion\" data-toogle-speed=\"300\">\n            <div class=\"eael-accordion-list\">\n\t\t\t\t\t<div id=\"etat-civil\" class=\"elementor-tab-title eael-accordion-header\" tabindex=\"0\" data-tab=\"1\" aria-controls=\"elementor-tab-content-9451\"><span class=\"eael-advanced-accordion-icon-closed\"><svg aria-hidden=\"true\" class=\"fa-accordion-icon e-font-icon-svg e-fas-plus\" viewBox=\"0 0 448 512\" xmlns=\"http:\/\/www.w3.org\/2000\/svg\"><path d=\"M416 208H272V64c0-17.67-14.33-32-32-32h-32c-17.67 0-32 14.33-32 32v144H32c-17.67 0-32 14.33-32 32v32c0 17.67 14.33 32 32 32h144v144c0 17.67 14.33 32 32 32h32c17.67 0 32-14.33 32-32V304h144c17.67 0 32-14.33 32-32v-32c0-17.67-14.33-32-32-32z\"><\/path><\/svg><\/span><span class=\"eael-advanced-accordion-icon-opened\"><svg aria-hidden=\"true\" class=\"fa-accordion-icon e-font-icon-svg e-fas-minus\" viewBox=\"0 0 448 512\" xmlns=\"http:\/\/www.w3.org\/2000\/svg\"><path d=\"M416 208H32c-17.67 0-32 14.33-32 32v32c0 17.67 14.33 32 32 32h384c17.67 0 32-14.33 32-32v-32c0-17.67-14.33-32-32-32z\"><\/path><\/svg><\/span><span class=\"eael-accordion-tab-title\">ETAT CIVIL<\/span><svg aria-hidden=\"true\" class=\"fa-toggle e-font-icon-svg e-fas-angle-right\" viewBox=\"0 0 256 512\" xmlns=\"http:\/\/www.w3.org\/2000\/svg\"><path d=\"M224.3 273l-136 136c-9.4 9.4-24.6 9.4-33.9 0l-22.6-22.6c-9.4-9.4-9.4-24.6 0-33.9l96.4-96.4-96.4-96.4c-9.4-9.4-9.4-24.6 0-33.9L54.3 103c9.4-9.4 24.6-9.4 33.9 0l136 136c9.5 9.4 9.5 24.6.1 34z\"><\/path><\/svg><\/div><div id=\"elementor-tab-content-9451\" class=\"eael-accordion-content clearfix\" data-tab=\"1\" aria-labelledby=\"etat-civil\"><p><strong>Nom :<\/strong>\u00a0<strong> BAKOUAN<\/strong> <\/p><p><strong>Pr\u00e9nom :\u00a0<\/strong><strong>Jean Marie<\/strong><\/p><p><strong>Date et Lieu de naissance :<\/strong> 02\/08\/1979 \u00e0 Dassa au Burkina Faso<\/p><p><strong>Situation matrimoniale\u00a0:<\/strong> Mari\u00e9 et p\u00e8re de deux enfants<\/p><p><strong>Profession\u00a0:<\/strong> Conseiller des Affaires Etrang\u00e8res<\/p><p><strong>Fonction\u00a0:<\/strong> Charg\u00e9 d\u2019Affaires a.i<\/p><p>\u00a0<\/p><\/div>\n\t\t\t\t\t<\/div><div class=\"eael-accordion-list\">\n\t\t\t\t\t<div id=\"cursus-scolaire-et-universitaire\" class=\"elementor-tab-title eael-accordion-header\" tabindex=\"0\" data-tab=\"2\" aria-controls=\"elementor-tab-content-9452\"><span class=\"eael-advanced-accordion-icon-closed\"><svg aria-hidden=\"true\" class=\"fa-accordion-icon e-font-icon-svg e-fas-plus\" viewBox=\"0 0 448 512\" xmlns=\"http:\/\/www.w3.org\/2000\/svg\"><path d=\"M416 208H272V64c0-17.67-14.33-32-32-32h-32c-17.67 0-32 14.33-32 32v144H32c-17.67 0-32 14.33-32 32v32c0 17.67 14.33 32 32 32h144v144c0 17.67 14.33 32 32 32h32c17.67 0 32-14.33 32-32V304h144c17.67 0 32-14.33 32-32v-32c0-17.67-14.33-32-32-32z\"><\/path><\/svg><\/span><span class=\"eael-advanced-accordion-icon-opened\"><svg aria-hidden=\"true\" class=\"fa-accordion-icon e-font-icon-svg e-fas-minus\" viewBox=\"0 0 448 512\" xmlns=\"http:\/\/www.w3.org\/2000\/svg\"><path d=\"M416 208H32c-17.67 0-32 14.33-32 32v32c0 17.67 14.33 32 32 32h384c17.67 0 32-14.33 32-32v-32c0-17.67-14.33-32-32-32z\"><\/path><\/svg><\/span><span class=\"eael-accordion-tab-title\">CURSUS SCOLAIRE ET UNIVERSITAIRE<\/span><svg aria-hidden=\"true\" class=\"fa-toggle e-font-icon-svg e-fas-angle-right\" viewBox=\"0 0 256 512\" xmlns=\"http:\/\/www.w3.org\/2000\/svg\"><path d=\"M224.3 273l-136 136c-9.4 9.4-24.6 9.4-33.9 0l-22.6-22.6c-9.4-9.4-9.4-24.6 0-33.9l96.4-96.4-96.4-96.4c-9.4-9.4-9.4-24.6 0-33.9L54.3 103c9.4-9.4 24.6-9.4 33.9 0l136 136c9.5 9.4 9.5 24.6.1 34z\"><\/path><\/svg><\/div><div id=\"elementor-tab-content-9452\" class=\"eael-accordion-content clearfix\" data-tab=\"2\" aria-labelledby=\"cursus-scolaire-et-universitaire\"><p><strong>Institution\u00a0: Institut des Hautes Etudes Internationales (INHEI)<\/strong><\/p><p><strong>Date\u00a0<\/strong>: 2017<\/p><p><strong>Dipl\u00f4me\u00a0<\/strong>: Dipl\u00f4me d\u2019Etudes Sup\u00e9rieures en Diplomatie et Relations Internationales (DESDRI)\/ Option Politique Internationale<\/p><p><strong>Institution\u00a0: Ecole Nationale d\u2019Administration et de Magistrature (ENAM) <\/strong><\/p><p><strong>Date\u00a0<\/strong>: 2010<\/p><p><strong>Dipl\u00f4me\u00a0<\/strong>: Brevet de l\u2019Ecole Nationale d\u2019Administration et de Magistrature\/Option Diplomatie<\/p><p><strong>Institution\u00a0: Universit\u00e9 de Ouagadougou<\/strong><\/p><p><strong>Date\u00a0<\/strong>: 2006<\/p><p><strong>Dipl\u00f4me\u00a0<\/strong>: Maitrise en Lettres Modernes <\/p><p>\u00a0<\/p><\/div>\n\t\t\t\t\t<\/div><div class=\"eael-accordion-list\">\n\t\t\t\t\t<div id=\"principales-qualifications\" class=\"elementor-tab-title eael-accordion-header\" tabindex=\"0\" data-tab=\"3\" aria-controls=\"elementor-tab-content-9453\"><span class=\"eael-advanced-accordion-icon-closed\"><svg aria-hidden=\"true\" class=\"fa-accordion-icon e-font-icon-svg e-fas-plus\" viewBox=\"0 0 448 512\" xmlns=\"http:\/\/www.w3.org\/2000\/svg\"><path d=\"M416 208H272V64c0-17.67-14.33-32-32-32h-32c-17.67 0-32 14.33-32 32v144H32c-17.67 0-32 14.33-32 32v32c0 17.67 14.33 32 32 32h144v144c0 17.67 14.33 32 32 32h32c17.67 0 32-14.33 32-32V304h144c17.67 0 32-14.33 32-32v-32c0-17.67-14.33-32-32-32z\"><\/path><\/svg><\/span><span class=\"eael-advanced-accordion-icon-opened\"><svg aria-hidden=\"true\" class=\"fa-accordion-icon e-font-icon-svg e-fas-minus\" viewBox=\"0 0 448 512\" xmlns=\"http:\/\/www.w3.org\/2000\/svg\"><path d=\"M416 208H32c-17.67 0-32 14.33-32 32v32c0 17.67 14.33 32 32 32h384c17.67 0 32-14.33 32-32v-32c0-17.67-14.33-32-32-32z\"><\/path><\/svg><\/span><span class=\"eael-accordion-tab-title\">PRINCIPALES QUALIFICATIONS<\/span><svg aria-hidden=\"true\" class=\"fa-toggle e-font-icon-svg e-fas-angle-right\" viewBox=\"0 0 256 512\" xmlns=\"http:\/\/www.w3.org\/2000\/svg\"><path d=\"M224.3 273l-136 136c-9.4 9.4-24.6 9.4-33.9 0l-22.6-22.6c-9.4-9.4-9.4-24.6 0-33.9l96.4-96.4-96.4-96.4c-9.4-9.4-9.4-24.6 0-33.9L54.3 103c9.4-9.4 24.6-9.4 33.9 0l136 136c9.5 9.4 9.5 24.6.1 34z\"><\/path><\/svg><\/div><div id=\"elementor-tab-content-9453\" class=\"eael-accordion-content clearfix\" data-tab=\"3\" aria-labelledby=\"principales-qualifications\"><p>Diplomate\/Litt\u00e9raire avec plusieurs prix en po\u00e9sie<\/p><\/div>\n\t\t\t\t\t<\/div><div class=\"eael-accordion-list\">\n\t\t\t\t\t<div id=\"parcours-professionnel\" class=\"elementor-tab-title eael-accordion-header\" tabindex=\"0\" data-tab=\"4\" aria-controls=\"elementor-tab-content-9454\"><span class=\"eael-advanced-accordion-icon-closed\"><svg aria-hidden=\"true\" class=\"fa-accordion-icon e-font-icon-svg e-fas-plus\" viewBox=\"0 0 448 512\" xmlns=\"http:\/\/www.w3.org\/2000\/svg\"><path d=\"M416 208H272V64c0-17.67-14.33-32-32-32h-32c-17.67 0-32 14.33-32 32v144H32c-17.67 0-32 14.33-32 32v32c0 17.67 14.33 32 32 32h144v144c0 17.67 14.33 32 32 32h32c17.67 0 32-14.33 32-32V304h144c17.67 0 32-14.33 32-32v-32c0-17.67-14.33-32-32-32z\"><\/path><\/svg><\/span><span class=\"eael-advanced-accordion-icon-opened\"><svg aria-hidden=\"true\" class=\"fa-accordion-icon e-font-icon-svg e-fas-minus\" viewBox=\"0 0 448 512\" xmlns=\"http:\/\/www.w3.org\/2000\/svg\"><path d=\"M416 208H32c-17.67 0-32 14.33-32 32v32c0 17.67 14.33 32 32 32h384c17.67 0 32-14.33 32-32v-32c0-17.67-14.33-32-32-32z\"><\/path><\/svg><\/span><span class=\"eael-accordion-tab-title\">PARCOURS PROFESSIONNEL<\/span><svg aria-hidden=\"true\" class=\"fa-toggle e-font-icon-svg e-fas-angle-right\" viewBox=\"0 0 256 512\" xmlns=\"http:\/\/www.w3.org\/2000\/svg\"><path d=\"M224.3 273l-136 136c-9.4 9.4-24.6 9.4-33.9 0l-22.6-22.6c-9.4-9.4-9.4-24.6 0-33.9l96.4-96.4-96.4-96.4c-9.4-9.4-9.4-24.6 0-33.9L54.3 103c9.4-9.4 24.6-9.4 33.9 0l136 136c9.5 9.4 9.5 24.6.1 34z\"><\/path><\/svg><\/div><div id=\"elementor-tab-content-9454\" class=\"eael-accordion-content clearfix\" data-tab=\"4\" aria-labelledby=\"parcours-professionnel\"><p><strong>Date\u00a0:\u00a001 ao\u00fbt 2023 \u00e0 nos jours<\/strong><\/p><p><strong>Pays\u00a0<\/strong>: France<\/p><p><strong>Institution\u00a0<\/strong>: Ambassade du Burkina Faso \u00e0 Paris<\/p><p><strong>Poste\u00a0<\/strong>: <strong>Charg\u00e9 d\u2019affaires a.i<\/strong><\/p><p><strong>Description\u00a0<\/strong>: Assurer la Direction de l\u2019Ambassade<\/p><p><strong>Date\u00a0: 8 novembre 2021 au 31 juillet 2023<\/strong><\/p><p><strong>Pays\u00a0<\/strong>: France<\/p><p><strong>Institution\u00a0<\/strong>: Ambassade du Burkina Faso \u00e0 Paris<\/p><p><strong>Poste\u00a0<\/strong>: <strong>Deuxi\u00e8me Conseiller<\/strong><\/p><p><strong>Description\u00a0<\/strong>: Assister l\u2019Ambassadeur sur les questions politiques et de coop\u00e9ration D\u00e9centralis\u00e9e<\/p><p><strong>Date\u00a0: 2019 \u00e0 novembre 2021<\/strong><\/p><p><strong>Pays\u00a0<\/strong>: Burkina Faso<\/p><p><strong>Institution\u00a0<\/strong>: Minist\u00e8re des Affaires Etrang\u00e8res et de la Coop\u00e9ration R\u00e9gionale<\/p><p><strong>Poste\u00a0<\/strong>: <strong>Charg\u00e9 d\u2019Etudes<\/strong><\/p><p><strong>Description\u00a0<\/strong>: Assister le Secr\u00e9taire G\u00e9n\u00e9ral dans ses missions<\/p><\/div>\n\t\t\t\t\t<\/div><div class=\"eael-accordion-list\">\n\t\t\t\t\t<div id=\"autres\" class=\"elementor-tab-title eael-accordion-header\" tabindex=\"0\" data-tab=\"5\" aria-controls=\"elementor-tab-content-9455\"><span class=\"eael-advanced-accordion-icon-closed\"><svg aria-hidden=\"true\" class=\"fa-accordion-icon e-font-icon-svg e-fas-plus\" viewBox=\"0 0 448 512\" xmlns=\"http:\/\/www.w3.org\/2000\/svg\"><path d=\"M416 208H272V64c0-17.67-14.33-32-32-32h-32c-17.67 0-32 14.33-32 32v144H32c-17.67 0-32 14.33-32 32v32c0 17.67 14.33 32 32 32h144v144c0 17.67 14.33 32 32 32h32c17.67 0 32-14.33 32-32V304h144c17.67 0 32-14.33 32-32v-32c0-17.67-14.33-32-32-32z\"><\/path><\/svg><\/span><span class=\"eael-advanced-accordion-icon-opened\"><svg aria-hidden=\"true\" class=\"fa-accordion-icon e-font-icon-svg e-fas-minus\" viewBox=\"0 0 448 512\" xmlns=\"http:\/\/www.w3.org\/2000\/svg\"><path d=\"M416 208H32c-17.67 0-32 14.33-32 32v32c0 17.67 14.33 32 32 32h384c17.67 0 32-14.33 32-32v-32c0-17.67-14.33-32-32-32z\"><\/path><\/svg><\/span><span class=\"eael-accordion-tab-title\">AUTRES<\/span><svg aria-hidden=\"true\" class=\"fa-toggle e-font-icon-svg e-fas-angle-right\" viewBox=\"0 0 256 512\" xmlns=\"http:\/\/www.w3.org\/2000\/svg\"><path d=\"M224.3 273l-136 136c-9.4 9.4-24.6 9.4-33.9 0l-22.6-22.6c-9.4-9.4-9.4-24.6 0-33.9l96.4-96.4-96.4-96.4c-9.4-9.4-9.4-24.6 0-33.9L54.3 103c9.4-9.4 24.6-9.4 33.9 0l136 136c9.5 9.4 9.5 24.6.1 34z\"><\/path><\/svg><\/div><div id=\"elementor-tab-content-9455\" class=\"eael-accordion-content clearfix\" data-tab=\"5\" aria-labelledby=\"autres\"><p><strong><u>DECORATION<\/u><\/strong><strong><u>\u00a0<\/u><\/strong>: <strong>D\u00e9cembre 2021\u00a0:<\/strong> Chevalier de l\u2019Ordre du M\u00e9rite du Travail et de l\u2019Administration, Agrafe Diplomatie<\/p><p><strong><u>COMPETENCES INFORMATIQUES<\/u><\/strong><\/p><p>Maitrise du Pack office.<\/p><p><strong><u>LANGUES DE TRAVAIL<\/u><\/strong><\/p><p>Fran\u00e7ais, Anglais,<\/p><\/div>\n\t\t\t\t\t<\/div><\/div>\t\t\t\t<\/div>\n\t\t\t\t<\/div>\n\t\t\t\t<\/div>\n\t\t\t\t\t<\/div>\n\t\t\t\t<\/div>\n\t\t\t\t<\/div>\n\t\t","protected":false},"excerpt":{"rendered":"<p>SEM Jean Marie BAKOUAN Charg\u00e9 d\u2019Affaires a.i Parcours du Charg\u00e9 d\u2019Affaires a.i ETAT CIVIL Nom :\u00a0 BAKOUAN Pr\u00e9nom :\u00a0Jean Marie Date et Lieu de naissance : 02\/08\/1979 \u00e0 Dassa au Burkina Faso Situation matrimoniale\u00a0: Mari\u00e9 et p\u00e8re de deux enfants Profession\u00a0: Conseiller des Affaires Etrang\u00e8res Fonction\u00a0: Charg\u00e9 d\u2019Affaires a.i \u00a0 CURSUS SCOLAIRE ET UNIVERSITAIRE Institution\u00a0: [&hellip;]<\/p>\n","protected":false},"author":4,"featured_media":0,"parent":0,"menu_order":0,"comment_status":"closed","ping_status":"closed","template":"elementor_header_footer","meta":{"_acf_changed":false,"_monsterinsights_skip_tracking":false,"_monsterinsights_sitenote_active":false,"_monsterinsights_sitenote_note":"","_monsterinsights_sitenote_category":0,"footnotes":""},"class_list":["post-4160","page","type-page","status-publish","hentry"],"acf":[],"_links":{"self":[{"href":"https:\/\/france.diplomatie.gov.bf\/index.php\/wp-json\/wp\/v2\/pages\/4160","targetHints":{"allow":["GET"]}}],"collection":[{"href":"https:\/\/france.diplomatie.gov.bf\/index.php\/wp-json\/wp\/v2\/pages"}],"about":[{"href":"https:\/\/france.diplomatie.gov.bf\/index.php\/wp-json\/wp\/v2\/types\/page"}],"author":[{"embeddable":true,"href":"https:\/\/france.diplomatie.gov.bf\/index.php\/wp-json\/wp\/v2\/users\/4"}],"replies":[{"embeddable":true,"href":"https:\/\/france.diplomatie.gov.bf\/index.php\/wp-json\/wp\/v2\/comments?post=4160"}],"version-history":[{"count":211,"href":"https:\/\/france.diplomatie.gov.bf\/index.php\/wp-json\/wp\/v2\/pages\/4160\/revisions"}],"predecessor-version":[{"id":5290,"href":"https:\/\/france.diplomatie.gov.bf\/index.php\/wp-json\/wp\/v2\/pages\/4160\/revisions\/5290"}],"wp:attachment":[{"href":"https:\/\/france.diplomatie.gov.bf\/index.php\/wp-json\/wp\/v2\/media?parent=4160"}],"curies":[{"name":"wp","href":"https:\/\/api.w.org\/{rel}","templated":true}]}}