{"id":3045,"date":"2024-06-25T17:17:44","date_gmt":"2024-06-25T15:17:44","guid":{"rendered":"https:\/\/france.diplomatie.gov.bf\/?page_id=3045"},"modified":"2024-10-03T15:27:08","modified_gmt":"2024-10-03T13:27:08","slug":"la-juridiction","status":"publish","type":"page","link":"https:\/\/france.diplomatie.gov.bf\/index.php\/la-juridiction\/","title":{"rendered":"La Juridiction"},"content":{"rendered":"\t\t<div data-elementor-type=\"wp-page\" data-elementor-id=\"3045\" class=\"elementor elementor-3045\" data-elementor-post-type=\"page\">\n\t\t\t\t<div data-particle_enable=\"false\" data-particle-mobile-disabled=\"false\" class=\"elementor-element elementor-element-9c9866b e-flex e-con-boxed e-con e-parent\" data-id=\"9c9866b\" data-element_type=\"container\" data-e-type=\"container\" data-settings=\"{&quot;background_background&quot;:&quot;classic&quot;}\">\n\t\t\t\t\t<div class=\"e-con-inner\">\n\t\t<div data-particle_enable=\"false\" data-particle-mobile-disabled=\"false\" class=\"elementor-element elementor-element-4af36d4 e-con-full e-flex e-con e-child\" data-id=\"4af36d4\" data-element_type=\"container\" data-e-type=\"container\">\n\t\t\t\t<div class=\"elementor-element elementor-element-22d4e3f elementor-widget elementor-widget-image\" data-id=\"22d4e3f\" data-element_type=\"widget\" data-e-type=\"widget\" data-widget_type=\"image.default\">\n\t\t\t\t<div class=\"elementor-widget-container\">\n\t\t\t\t\t\t\t\t\t\t\t\t\t\t\t<img fetchpriority=\"high\" decoding=\"async\" width=\"245\" height=\"300\" src=\"https:\/\/france.diplomatie.gov.bf\/wp-content\/uploads\/sites\/34\/2024\/06\/armoiriebf.png\" class=\"attachment-medium size-medium wp-image-3734\" alt=\"\" \/>\t\t\t\t\t\t\t\t\t\t\t\t\t\t\t<\/div>\n\t\t\t\t<\/div>\n\t\t\t\t<\/div>\n\t\t<div data-particle_enable=\"false\" data-particle-mobile-disabled=\"false\" class=\"elementor-element elementor-element-aaf44b5 e-con-full e-flex e-con e-child\" data-id=\"aaf44b5\" data-element_type=\"container\" data-e-type=\"container\">\n\t\t\t\t<div class=\"elementor-element elementor-element-5b0d082 elementor-widget__width-initial elementor-widget elementor-widget-heading\" data-id=\"5b0d082\" data-element_type=\"widget\" data-e-type=\"widget\" data-widget_type=\"heading.default\">\n\t\t\t\t<div class=\"elementor-widget-container\">\n\t\t\t\t\t<p class=\"elementor-heading-title elementor-size-default\">Aujourd\u2019hui, l\u2019Ambassade du Burkina Faso \u00e0 Paris (France) couvre cinq (05) entit\u00e9s \u00e9tatiques et sept (07) Organisations Internationales.<\/p>\t\t\t\t<\/div>\n\t\t\t\t<\/div>\n\t\t\t\t<div class=\"elementor-element elementor-element-5f5adbd elementor-widget__width-initial elementor-widget elementor-widget-heading\" data-id=\"5f5adbd\" data-element_type=\"widget\" data-e-type=\"widget\" data-widget_type=\"heading.default\">\n\t\t\t\t<div class=\"elementor-widget-container\">\n\t\t\t\t\t<h1 class=\"elementor-heading-title elementor-size-default\">Plan bilat\u00e9ral<\/h1>\t\t\t\t<\/div>\n\t\t\t\t<\/div>\n\t\t\t\t<div class=\"elementor-element elementor-element-077639d elementor-widget-divider--view-line elementor-widget elementor-widget-divider\" data-id=\"077639d\" data-element_type=\"widget\" data-e-type=\"widget\" data-widget_type=\"divider.default\">\n\t\t\t\t<div class=\"elementor-widget-container\">\n\t\t\t\t\t\t\t<div class=\"elementor-divider\">\n\t\t\t<span class=\"elementor-divider-separator\">\n\t\t\t\t\t\t<\/span>\n\t\t<\/div>\n\t\t\t\t\t\t<\/div>\n\t\t\t\t<\/div>\n\t\t\t\t<div class=\"elementor-element elementor-element-5aac9e6 elementor-widget elementor-widget-iconlist\" data-id=\"5aac9e6\" data-element_type=\"widget\" data-e-type=\"widget\" data-widget_type=\"iconlist.default\">\n\t\t\t\t<div class=\"elementor-widget-container\">\n\t\t\t\t\t\r\n        \r\n            <div class=\"about__list-box\">\r\n                <ul class=\"list-wrap\">\r\n                                            <li>\r\n                                                            <i aria-hidden=\"true\" class=\"flaticon-arrow-button\"><\/i>                                                        La R\u00e9publique fran\u00e7aise                        <\/li>\r\n                                            <li>\r\n                                                            <i aria-hidden=\"true\" class=\"flaticon-arrow-button\"><\/i>                                                        La R\u00e9publique portugaise                        <\/li>\r\n                                            <li>\r\n                                                            <i aria-hidden=\"true\" class=\"flaticon-arrow-button\"><\/i>                                                        Le Royaume d\u2019Espagne                        <\/li>\r\n                                            <li>\r\n                                                            <i aria-hidden=\"true\" class=\"flaticon-arrow-button\"><\/i>                                                        La Principaut\u00e9 de Monaco                         <\/li>\r\n                                            <li>\r\n                                                            <i aria-hidden=\"true\" class=\"flaticon-arrow-button\"><\/i>                                                        La Principaut\u00e9 d\u2019Andorre                        <\/li>\r\n                                    <\/ul>\r\n            <\/div>\r\n\r\n        \r\n\r\n\t\t\t\t<\/div>\n\t\t\t\t<\/div>\n\t\t\t\t<div class=\"elementor-element elementor-element-ffac7be elementor-widget__width-initial elementor-widget elementor-widget-heading\" data-id=\"ffac7be\" data-element_type=\"widget\" data-e-type=\"widget\" data-widget_type=\"heading.default\">\n\t\t\t\t<div class=\"elementor-widget-container\">\n\t\t\t\t\t<p class=\"elementor-heading-title elementor-size-default\">Plan multilat\u00e9ral<\/p>\t\t\t\t<\/div>\n\t\t\t\t<\/div>\n\t\t\t\t<div class=\"elementor-element elementor-element-4738beb elementor-widget-divider--view-line elementor-widget elementor-widget-divider\" data-id=\"4738beb\" data-element_type=\"widget\" data-e-type=\"widget\" data-widget_type=\"divider.default\">\n\t\t\t\t<div class=\"elementor-widget-container\">\n\t\t\t\t\t\t\t<div class=\"elementor-divider\">\n\t\t\t<span class=\"elementor-divider-separator\">\n\t\t\t\t\t\t<\/span>\n\t\t<\/div>\n\t\t\t\t\t\t<\/div>\n\t\t\t\t<\/div>\n\t\t\t\t<div class=\"elementor-element elementor-element-3ddb245 elementor-widget elementor-widget-iconlist\" data-id=\"3ddb245\" data-element_type=\"widget\" data-e-type=\"widget\" data-widget_type=\"iconlist.default\">\n\t\t\t\t<div class=\"elementor-widget-container\">\n\t\t\t\t\t\r\n        \r\n            <div class=\"about__list-box\">\r\n                <ul class=\"list-wrap\">\r\n                                            <li>\r\n                                                            <i aria-hidden=\"true\" class=\"flaticon-arrow-button\"><\/i>                                                        L\u2019Organisation internationale de la Francophonie (OIF)                        <\/li>\r\n                                            <li>\r\n                                                            <i aria-hidden=\"true\" class=\"flaticon-arrow-button\"><\/i>                                                        L\u2019Organisation des Nations unies pour l'\u00e9ducation, la science et la culture (UNESCO)                        <\/li>\r\n                                            <li>\r\n                                                            <i aria-hidden=\"true\" class=\"flaticon-arrow-button\"><\/i>                                                        L\u2019Organisation de coop\u00e9ration et de d\u00e9veloppement \u00e9conomiques (OCDE)                        <\/li>\r\n                                            <li>\r\n                                                            <i aria-hidden=\"true\" class=\"flaticon-arrow-button\"><\/i>                                                        Bureau international des Expositions (BIE)                        <\/li>\r\n                                            <li>\r\n                                                            <i aria-hidden=\"true\" class=\"flaticon-arrow-button\"><\/i>                                                        L\u2019Organisation Mondiale de la Sant\u00e9 Animale (OMSA) dont les si\u00e8ges sont \u00e0 Paris en France                        <\/li>\r\n                                            <li>\r\n                                                            <i aria-hidden=\"true\" class=\"flaticon-arrow-button\"><\/i>                                                        L\u2019Organisation Internationale de Police Criminelle (INTERPOL) qui a son si\u00e8ge \u00e0 Lyon en France                          <\/li>\r\n                                            <li>\r\n                                                            <i aria-hidden=\"true\" class=\"flaticon-arrow-button\"><\/i>                                                        L'Organisation mondiale du tourisme (OMT) dont le si\u00e8ge est \u00e0 Madrid en Espagne                        <\/li>\r\n                                    <\/ul>\r\n            <\/div>\r\n\r\n        \r\n\r\n\t\t\t\t<\/div>\n\t\t\t\t<\/div>\n\t\t\t\t<\/div>\n\t\t\t\t\t<\/div>\n\t\t\t\t<\/div>\n\t\t\t\t<\/div>\n\t\t","protected":false},"excerpt":{"rendered":"<p>\/*! elementor &#8211; v3.23.0 &#8211; 05-08-2024 *\/ .elementor-widget-image{text-align:center}.elementor-widget-image a{display:inline-block}.elementor-widget-image a img[src$=\u00a0\u00bb.svg\u00a0\u00bb]{width:48px}.elementor-widget-image img{vertical-align:middle;display:inline-block} \/*! elementor &#8211; v3.23.0 &#8211; 05-08-2024 *\/ .elementor-heading-title{padding:0;margin:0;line-height:1}.elementor-widget-heading .elementor-heading-title[class*=elementor-size-]&gt;a{color:inherit;font-size:inherit;line-height:inherit}.elementor-widget-heading .elementor-heading-title.elementor-size-small{font-size:15px}.elementor-widget-heading .elementor-heading-title.elementor-size-medium{font-size:19px}.elementor-widget-heading .elementor-heading-title.elementor-size-large{font-size:29px}.elementor-widget-heading .elementor-heading-title.elementor-size-xl{font-size:39px}.elementor-widget-heading .elementor-heading-title.elementor-size-xxl{font-size:59px} Aujourd\u2019hui, l\u2019Ambassade du Burkina Faso \u00e0 Paris (France) couvre cinq (05) entit\u00e9s \u00e9tatiques et sept (07) Organisations Internationales. Plan bilat\u00e9ral \/*! elementor &#8211; v3.23.0 &#8211; 05-08-2024 *\/ .elementor-widget-divider{&#8211;divider-border-style:none;&#8211;divider-border-width:1px;&#8211;divider-color:#0c0d0e;&#8211;divider-icon-size:20px;&#8211;divider-element-spacing:10px;&#8211;divider-pattern-height:24px;&#8211;divider-pattern-size:20px;&#8211;divider-pattern-url:none;&#8211;divider-pattern-repeat:repeat-x}.elementor-widget-divider .elementor-divider{display:flex}.elementor-widget-divider [&hellip;]<\/p>\n","protected":false},"author":4,"featured_media":0,"parent":0,"menu_order":0,"comment_status":"closed","ping_status":"closed","template":"","meta":{"_acf_changed":false,"_monsterinsights_skip_tracking":false,"_monsterinsights_sitenote_active":false,"_monsterinsights_sitenote_note":"","_monsterinsights_sitenote_category":0,"footnotes":""},"class_list":["post-3045","page","type-page","status-publish","hentry"],"acf":[],"_links":{"self":[{"href":"https:\/\/france.diplomatie.gov.bf\/index.php\/wp-json\/wp\/v2\/pages\/3045","targetHints":{"allow":["GET"]}}],"collection":[{"href":"https:\/\/france.diplomatie.gov.bf\/index.php\/wp-json\/wp\/v2\/pages"}],"about":[{"href":"https:\/\/france.diplomatie.gov.bf\/index.php\/wp-json\/wp\/v2\/types\/page"}],"author":[{"embeddable":true,"href":"https:\/\/france.diplomatie.gov.bf\/index.php\/wp-json\/wp\/v2\/users\/4"}],"replies":[{"embeddable":true,"href":"https:\/\/france.diplomatie.gov.bf\/index.php\/wp-json\/wp\/v2\/comments?post=3045"}],"version-history":[{"count":83,"href":"https:\/\/france.diplomatie.gov.bf\/index.php\/wp-json\/wp\/v2\/pages\/3045\/revisions"}],"predecessor-version":[{"id":5182,"href":"https:\/\/france.diplomatie.gov.bf\/index.php\/wp-json\/wp\/v2\/pages\/3045\/revisions\/5182"}],"wp:attachment":[{"href":"https:\/\/france.diplomatie.gov.bf\/index.php\/wp-json\/wp\/v2\/media?parent=3045"}],"curies":[{"name":"wp","href":"https:\/\/api.w.org\/{rel}","templated":true}]}}